{"id":547,"date":"2022-02-14T09:11:17","date_gmt":"2022-02-14T09:11:17","guid":{"rendered":"https:\/\/togetherall.com\/fr-ca\/?page_id=547"},"modified":"2024-07-02T09:25:32","modified_gmt":"2024-07-02T09:25:32","slug":"securite-et-confidentialite","status":"publish","type":"page","link":"https:\/\/togetherall.com\/fr-ca\/faq\/securite-et-confidentialite\/","title":{"rendered":"S\u00e9curit\u00e9 et confidentialit\u00e9"},"content":{"rendered":"","protected":false},"excerpt":{"rendered":"","protected":false},"author":21,"featured_media":0,"parent":15,"menu_order":0,"comment_status":"closed","ping_status":"closed","template":"","meta":{"_acf_changed":false,"inline_featured_image":false,"footnotes":""},"class_list":["post-547","page","type-page","status-publish","hentry"],"acf":[],"yoast_head":"<!-- This site is optimized with the Yoast SEO plugin v27.5 - https:\/\/yoast.com\/product\/yoast-seo-wordpress\/ -->\n<title>S\u00e9curit\u00e9 et confidentialit\u00e9 - Togetherall<\/title>\n<meta name=\"description\" content=\"Apprenez-en plus au sujet des mesures de s\u00e9curit\u00e9 et de confidentialit\u00e9 mises en place par Togetherall pour prot\u00e9ger ses membres et veiller \u00e0 leur offrir la meilleure exp\u00e9rience possible sur le site.\" \/>\n<meta name=\"robots\" content=\"index, follow, max-snippet:-1, max-image-preview:large, max-video-preview:-1\" \/>\n<link rel=\"canonical\" href=\"https:\/\/togetherall.com\/fr-ca\/faq\/securite-et-confidentialite\/\" \/>\n<meta property=\"og:locale\" content=\"fr_CA\" \/>\n<meta property=\"og:type\" content=\"article\" \/>\n<meta property=\"og:title\" content=\"S\u00e9curit\u00e9 et confidentialit\u00e9 - Togetherall\" \/>\n<meta property=\"og:description\" content=\"Apprenez-en plus au sujet des mesures de s\u00e9curit\u00e9 et de confidentialit\u00e9 mises en place par Togetherall pour prot\u00e9ger ses membres et veiller \u00e0 leur offrir la meilleure exp\u00e9rience possible sur le site.\" \/>\n<meta property=\"og:url\" content=\"https:\/\/togetherall.com\/fr-ca\/faq\/securite-et-confidentialite\/\" \/>\n<meta property=\"og:site_name\" content=\"Togetherall\" \/>\n<meta property=\"article:modified_time\" content=\"2024-07-02T09:25:32+00:00\" \/>\n<meta name=\"twitter:card\" content=\"summary_large_image\" \/>\n<script type=\"application\/ld+json\" class=\"yoast-schema-graph\">{\"@context\":\"https:\\\/\\\/schema.org\",\"@graph\":[{\"@type\":\"WebPage\",\"@id\":\"https:\\\/\\\/togetherall.com\\\/fr-ca\\\/faq\\\/securite-et-confidentialite\\\/\",\"url\":\"https:\\\/\\\/togetherall.com\\\/fr-ca\\\/faq\\\/securite-et-confidentialite\\\/\",\"name\":\"S\u00e9curit\u00e9 et confidentialit\u00e9 - Togetherall\",\"isPartOf\":{\"@id\":\"https:\\\/\\\/togetherall.com\\\/fr-ca\\\/#website\"},\"datePublished\":\"2022-02-14T09:11:17+00:00\",\"dateModified\":\"2024-07-02T09:25:32+00:00\",\"description\":\"Apprenez-en plus au sujet des mesures de s\u00e9curit\u00e9 et de confidentialit\u00e9 mises en place par Togetherall pour prot\u00e9ger ses membres et veiller \u00e0 leur offrir la meilleure exp\u00e9rience possible sur le site.\",\"breadcrumb\":{\"@id\":\"https:\\\/\\\/togetherall.com\\\/fr-ca\\\/faq\\\/securite-et-confidentialite\\\/#breadcrumb\"},\"inLanguage\":\"fr-CA\",\"potentialAction\":[{\"@type\":\"ReadAction\",\"target\":[\"https:\\\/\\\/togetherall.com\\\/fr-ca\\\/faq\\\/securite-et-confidentialite\\\/\"]}]},{\"@type\":\"BreadcrumbList\",\"@id\":\"https:\\\/\\\/togetherall.com\\\/fr-ca\\\/faq\\\/securite-et-confidentialite\\\/#breadcrumb\",\"itemListElement\":[{\"@type\":\"ListItem\",\"position\":1,\"name\":\"Home\",\"item\":\"https:\\\/\\\/togetherall.com\\\/fr-ca\\\/\"},{\"@type\":\"ListItem\",\"position\":2,\"name\":\"FAQ\",\"item\":\"https:\\\/\\\/togetherall.com\\\/fr-ca\\\/faq\\\/\"},{\"@type\":\"ListItem\",\"position\":3,\"name\":\"S\u00e9curit\u00e9 et confidentialit\u00e9\"}]},{\"@type\":\"WebSite\",\"@id\":\"https:\\\/\\\/togetherall.com\\\/fr-ca\\\/#website\",\"url\":\"https:\\\/\\\/togetherall.com\\\/fr-ca\\\/\",\"name\":\"Togetherall\",\"description\":\"Une communaut\u00e9 de soutien\",\"potentialAction\":[{\"@type\":\"SearchAction\",\"target\":{\"@type\":\"EntryPoint\",\"urlTemplate\":\"https:\\\/\\\/togetherall.com\\\/fr-ca\\\/?s={search_term_string}\"},\"query-input\":{\"@type\":\"PropertyValueSpecification\",\"valueRequired\":true,\"valueName\":\"search_term_string\"}}],\"inLanguage\":\"fr-CA\"}]}<\/script>\n<!-- \/ Yoast SEO plugin. -->","yoast_head_json":{"title":"S\u00e9curit\u00e9 et confidentialit\u00e9 - Togetherall","description":"Apprenez-en plus au sujet des mesures de s\u00e9curit\u00e9 et de confidentialit\u00e9 mises en place par Togetherall pour prot\u00e9ger ses membres et veiller \u00e0 leur offrir la meilleure exp\u00e9rience possible sur le site.","robots":{"index":"index","follow":"follow","max-snippet":"max-snippet:-1","max-image-preview":"max-image-preview:large","max-video-preview":"max-video-preview:-1"},"canonical":"https:\/\/togetherall.com\/fr-ca\/faq\/securite-et-confidentialite\/","og_locale":"fr_CA","og_type":"article","og_title":"S\u00e9curit\u00e9 et confidentialit\u00e9 - Togetherall","og_description":"Apprenez-en plus au sujet des mesures de s\u00e9curit\u00e9 et de confidentialit\u00e9 mises en place par Togetherall pour prot\u00e9ger ses membres et veiller \u00e0 leur offrir la meilleure exp\u00e9rience possible sur le site.","og_url":"https:\/\/togetherall.com\/fr-ca\/faq\/securite-et-confidentialite\/","og_site_name":"Togetherall","article_modified_time":"2024-07-02T09:25:32+00:00","twitter_card":"summary_large_image","schema":{"@context":"https:\/\/schema.org","@graph":[{"@type":"WebPage","@id":"https:\/\/togetherall.com\/fr-ca\/faq\/securite-et-confidentialite\/","url":"https:\/\/togetherall.com\/fr-ca\/faq\/securite-et-confidentialite\/","name":"S\u00e9curit\u00e9 et confidentialit\u00e9 - Togetherall","isPartOf":{"@id":"https:\/\/togetherall.com\/fr-ca\/#website"},"datePublished":"2022-02-14T09:11:17+00:00","dateModified":"2024-07-02T09:25:32+00:00","description":"Apprenez-en plus au sujet des mesures de s\u00e9curit\u00e9 et de confidentialit\u00e9 mises en place par Togetherall pour prot\u00e9ger ses membres et veiller \u00e0 leur offrir la meilleure exp\u00e9rience possible sur le site.","breadcrumb":{"@id":"https:\/\/togetherall.com\/fr-ca\/faq\/securite-et-confidentialite\/#breadcrumb"},"inLanguage":"fr-CA","potentialAction":[{"@type":"ReadAction","target":["https:\/\/togetherall.com\/fr-ca\/faq\/securite-et-confidentialite\/"]}]},{"@type":"BreadcrumbList","@id":"https:\/\/togetherall.com\/fr-ca\/faq\/securite-et-confidentialite\/#breadcrumb","itemListElement":[{"@type":"ListItem","position":1,"name":"Home","item":"https:\/\/togetherall.com\/fr-ca\/"},{"@type":"ListItem","position":2,"name":"FAQ","item":"https:\/\/togetherall.com\/fr-ca\/faq\/"},{"@type":"ListItem","position":3,"name":"S\u00e9curit\u00e9 et confidentialit\u00e9"}]},{"@type":"WebSite","@id":"https:\/\/togetherall.com\/fr-ca\/#website","url":"https:\/\/togetherall.com\/fr-ca\/","name":"Togetherall","description":"Une communaut\u00e9 de soutien","potentialAction":[{"@type":"SearchAction","target":{"@type":"EntryPoint","urlTemplate":"https:\/\/togetherall.com\/fr-ca\/?s={search_term_string}"},"query-input":{"@type":"PropertyValueSpecification","valueRequired":true,"valueName":"search_term_string"}}],"inLanguage":"fr-CA"}]}},"_links":{"self":[{"href":"https:\/\/togetherall.com\/fr-ca\/wp-json\/wp\/v2\/pages\/547","targetHints":{"allow":["GET"]}}],"collection":[{"href":"https:\/\/togetherall.com\/fr-ca\/wp-json\/wp\/v2\/pages"}],"about":[{"href":"https:\/\/togetherall.com\/fr-ca\/wp-json\/wp\/v2\/types\/page"}],"author":[{"embeddable":true,"href":"https:\/\/togetherall.com\/fr-ca\/wp-json\/wp\/v2\/users\/21"}],"replies":[{"embeddable":true,"href":"https:\/\/togetherall.com\/fr-ca\/wp-json\/wp\/v2\/comments?post=547"}],"version-history":[{"count":5,"href":"https:\/\/togetherall.com\/fr-ca\/wp-json\/wp\/v2\/pages\/547\/revisions"}],"predecessor-version":[{"id":1340,"href":"https:\/\/togetherall.com\/fr-ca\/wp-json\/wp\/v2\/pages\/547\/revisions\/1340"}],"up":[{"embeddable":true,"href":"https:\/\/togetherall.com\/fr-ca\/wp-json\/wp\/v2\/pages\/15"}],"wp:attachment":[{"href":"https:\/\/togetherall.com\/fr-ca\/wp-json\/wp\/v2\/media?parent=547"}],"curies":[{"name":"wp","href":"https:\/\/api.w.org\/{rel}","templated":true}]}}