{"id":518,"date":"2022-02-14T09:07:31","date_gmt":"2022-02-14T09:07:31","guid":{"rendered":"https:\/\/togetherall.com\/fr-ca\/?page_id=518"},"modified":"2026-03-06T11:42:13","modified_gmt":"2026-03-06T11:42:13","slug":"inscription-et-profil","status":"publish","type":"page","link":"https:\/\/togetherall.com\/fr-ca\/faq\/inscription-et-profil\/","title":{"rendered":"Inscription et gestion de votre profil"},"content":{"rendered":"","protected":false},"excerpt":{"rendered":"","protected":false},"author":21,"featured_media":0,"parent":15,"menu_order":0,"comment_status":"closed","ping_status":"closed","template":"","meta":{"_acf_changed":false,"inline_featured_image":false,"footnotes":""},"class_list":["post-518","page","type-page","status-publish","hentry"],"acf":[],"yoast_head":"<!-- This site is optimized with the Yoast SEO plugin v27.5 - https:\/\/yoast.com\/product\/yoast-seo-wordpress\/ -->\n<title>Inscription et gestion de votre profil - Togetherall<\/title>\n<meta name=\"description\" content=\"Apprenez-en plus sur la fa\u00e7on de commencer \u00e0 utiliser la plateforme Togetherall, d&#039;y acc\u00e9der \u00e0 partir de diff\u00e9rents appareils et de g\u00e9rer vos renseignements.\" \/>\n<meta name=\"robots\" content=\"index, follow, max-snippet:-1, max-image-preview:large, max-video-preview:-1\" \/>\n<link rel=\"canonical\" href=\"https:\/\/togetherall.com\/fr-ca\/faq\/inscription-et-profil\/\" \/>\n<meta property=\"og:locale\" content=\"fr_CA\" \/>\n<meta property=\"og:type\" content=\"article\" \/>\n<meta property=\"og:title\" content=\"Inscription et gestion de votre profil - Togetherall\" \/>\n<meta property=\"og:description\" content=\"Apprenez-en plus sur la fa\u00e7on de commencer \u00e0 utiliser la plateforme Togetherall, d&#039;y acc\u00e9der \u00e0 partir de diff\u00e9rents appareils et de g\u00e9rer vos renseignements.\" \/>\n<meta property=\"og:url\" content=\"https:\/\/togetherall.com\/fr-ca\/faq\/inscription-et-profil\/\" \/>\n<meta property=\"og:site_name\" content=\"Togetherall\" \/>\n<meta property=\"article:modified_time\" content=\"2026-03-06T11:42:13+00:00\" \/>\n<meta name=\"twitter:card\" content=\"summary_large_image\" \/>\n<script type=\"application\/ld+json\" class=\"yoast-schema-graph\">{\"@context\":\"https:\\\/\\\/schema.org\",\"@graph\":[{\"@type\":\"WebPage\",\"@id\":\"https:\\\/\\\/togetherall.com\\\/fr-ca\\\/faq\\\/inscription-et-profil\\\/\",\"url\":\"https:\\\/\\\/togetherall.com\\\/fr-ca\\\/faq\\\/inscription-et-profil\\\/\",\"name\":\"Inscription et gestion de votre profil - Togetherall\",\"isPartOf\":{\"@id\":\"https:\\\/\\\/togetherall.com\\\/fr-ca\\\/#website\"},\"datePublished\":\"2022-02-14T09:07:31+00:00\",\"dateModified\":\"2026-03-06T11:42:13+00:00\",\"description\":\"Apprenez-en plus sur la fa\u00e7on de commencer \u00e0 utiliser la plateforme Togetherall, d'y acc\u00e9der \u00e0 partir de diff\u00e9rents appareils et de g\u00e9rer vos renseignements.\",\"breadcrumb\":{\"@id\":\"https:\\\/\\\/togetherall.com\\\/fr-ca\\\/faq\\\/inscription-et-profil\\\/#breadcrumb\"},\"inLanguage\":\"fr-CA\",\"potentialAction\":[{\"@type\":\"ReadAction\",\"target\":[\"https:\\\/\\\/togetherall.com\\\/fr-ca\\\/faq\\\/inscription-et-profil\\\/\"]}]},{\"@type\":\"BreadcrumbList\",\"@id\":\"https:\\\/\\\/togetherall.com\\\/fr-ca\\\/faq\\\/inscription-et-profil\\\/#breadcrumb\",\"itemListElement\":[{\"@type\":\"ListItem\",\"position\":1,\"name\":\"Home\",\"item\":\"https:\\\/\\\/togetherall.com\\\/fr-ca\\\/\"},{\"@type\":\"ListItem\",\"position\":2,\"name\":\"FAQ\",\"item\":\"https:\\\/\\\/togetherall.com\\\/fr-ca\\\/faq\\\/\"},{\"@type\":\"ListItem\",\"position\":3,\"name\":\"Inscription et gestion de votre profil\"}]},{\"@type\":\"WebSite\",\"@id\":\"https:\\\/\\\/togetherall.com\\\/fr-ca\\\/#website\",\"url\":\"https:\\\/\\\/togetherall.com\\\/fr-ca\\\/\",\"name\":\"Togetherall\",\"description\":\"Une communaut\u00e9 de soutien\",\"potentialAction\":[{\"@type\":\"SearchAction\",\"target\":{\"@type\":\"EntryPoint\",\"urlTemplate\":\"https:\\\/\\\/togetherall.com\\\/fr-ca\\\/?s={search_term_string}\"},\"query-input\":{\"@type\":\"PropertyValueSpecification\",\"valueRequired\":true,\"valueName\":\"search_term_string\"}}],\"inLanguage\":\"fr-CA\"}]}<\/script>\n<!-- \/ Yoast SEO plugin. -->","yoast_head_json":{"title":"Inscription et gestion de votre profil - Togetherall","description":"Apprenez-en plus sur la fa\u00e7on de commencer \u00e0 utiliser la plateforme Togetherall, d'y acc\u00e9der \u00e0 partir de diff\u00e9rents appareils et de g\u00e9rer vos renseignements.","robots":{"index":"index","follow":"follow","max-snippet":"max-snippet:-1","max-image-preview":"max-image-preview:large","max-video-preview":"max-video-preview:-1"},"canonical":"https:\/\/togetherall.com\/fr-ca\/faq\/inscription-et-profil\/","og_locale":"fr_CA","og_type":"article","og_title":"Inscription et gestion de votre profil - Togetherall","og_description":"Apprenez-en plus sur la fa\u00e7on de commencer \u00e0 utiliser la plateforme Togetherall, d'y acc\u00e9der \u00e0 partir de diff\u00e9rents appareils et de g\u00e9rer vos renseignements.","og_url":"https:\/\/togetherall.com\/fr-ca\/faq\/inscription-et-profil\/","og_site_name":"Togetherall","article_modified_time":"2026-03-06T11:42:13+00:00","twitter_card":"summary_large_image","schema":{"@context":"https:\/\/schema.org","@graph":[{"@type":"WebPage","@id":"https:\/\/togetherall.com\/fr-ca\/faq\/inscription-et-profil\/","url":"https:\/\/togetherall.com\/fr-ca\/faq\/inscription-et-profil\/","name":"Inscription et gestion de votre profil - Togetherall","isPartOf":{"@id":"https:\/\/togetherall.com\/fr-ca\/#website"},"datePublished":"2022-02-14T09:07:31+00:00","dateModified":"2026-03-06T11:42:13+00:00","description":"Apprenez-en plus sur la fa\u00e7on de commencer \u00e0 utiliser la plateforme Togetherall, d'y acc\u00e9der \u00e0 partir de diff\u00e9rents appareils et de g\u00e9rer vos renseignements.","breadcrumb":{"@id":"https:\/\/togetherall.com\/fr-ca\/faq\/inscription-et-profil\/#breadcrumb"},"inLanguage":"fr-CA","potentialAction":[{"@type":"ReadAction","target":["https:\/\/togetherall.com\/fr-ca\/faq\/inscription-et-profil\/"]}]},{"@type":"BreadcrumbList","@id":"https:\/\/togetherall.com\/fr-ca\/faq\/inscription-et-profil\/#breadcrumb","itemListElement":[{"@type":"ListItem","position":1,"name":"Home","item":"https:\/\/togetherall.com\/fr-ca\/"},{"@type":"ListItem","position":2,"name":"FAQ","item":"https:\/\/togetherall.com\/fr-ca\/faq\/"},{"@type":"ListItem","position":3,"name":"Inscription et gestion de votre profil"}]},{"@type":"WebSite","@id":"https:\/\/togetherall.com\/fr-ca\/#website","url":"https:\/\/togetherall.com\/fr-ca\/","name":"Togetherall","description":"Une communaut\u00e9 de soutien","potentialAction":[{"@type":"SearchAction","target":{"@type":"EntryPoint","urlTemplate":"https:\/\/togetherall.com\/fr-ca\/?s={search_term_string}"},"query-input":{"@type":"PropertyValueSpecification","valueRequired":true,"valueName":"search_term_string"}}],"inLanguage":"fr-CA"}]}},"_links":{"self":[{"href":"https:\/\/togetherall.com\/fr-ca\/wp-json\/wp\/v2\/pages\/518","targetHints":{"allow":["GET"]}}],"collection":[{"href":"https:\/\/togetherall.com\/fr-ca\/wp-json\/wp\/v2\/pages"}],"about":[{"href":"https:\/\/togetherall.com\/fr-ca\/wp-json\/wp\/v2\/types\/page"}],"author":[{"embeddable":true,"href":"https:\/\/togetherall.com\/fr-ca\/wp-json\/wp\/v2\/users\/21"}],"replies":[{"embeddable":true,"href":"https:\/\/togetherall.com\/fr-ca\/wp-json\/wp\/v2\/comments?post=518"}],"version-history":[{"count":11,"href":"https:\/\/togetherall.com\/fr-ca\/wp-json\/wp\/v2\/pages\/518\/revisions"}],"predecessor-version":[{"id":1370,"href":"https:\/\/togetherall.com\/fr-ca\/wp-json\/wp\/v2\/pages\/518\/revisions\/1370"}],"up":[{"embeddable":true,"href":"https:\/\/togetherall.com\/fr-ca\/wp-json\/wp\/v2\/pages\/15"}],"wp:attachment":[{"href":"https:\/\/togetherall.com\/fr-ca\/wp-json\/wp\/v2\/media?parent=518"}],"curies":[{"name":"wp","href":"https:\/\/api.w.org\/{rel}","templated":true}]}}