{"id":17,"date":"2021-07-02T09:43:19","date_gmt":"2021-07-02T09:43:19","guid":{"rendered":"https:\/\/togetherall.com\/fr-ca\/?page_id=17"},"modified":"2022-10-01T16:23:55","modified_gmt":"2022-10-01T16:23:55","slug":"en-situation-de-crise","status":"publish","type":"page","link":"https:\/\/togetherall.com\/fr-ca\/en-situation-de-crise\/","title":{"rendered":"En situation de crise?"},"content":{"rendered":"","protected":false},"excerpt":{"rendered":"","protected":false},"author":10,"featured_media":0,"parent":0,"menu_order":0,"comment_status":"closed","ping_status":"closed","template":"","meta":{"_acf_changed":false,"inline_featured_image":false,"footnotes":""},"class_list":["post-17","page","type-page","status-publish","hentry"],"acf":[],"yoast_head":"<!-- This site is optimized with the Yoast SEO plugin v27.5 - https:\/\/yoast.com\/product\/yoast-seo-wordpress\/ -->\n<title>En situation de crise? - Togetherall<\/title>\n<meta name=\"description\" content=\"Si vous \u00eates en crise ou avez besoin d&#039;un soutien imm\u00e9diat en sant\u00e9 mentale, vous trouverez des liens vers des services d&#039;urgence locaux et des ressources d&#039;aide en situation de crise ici.\" \/>\n<meta name=\"robots\" content=\"index, follow, max-snippet:-1, max-image-preview:large, max-video-preview:-1\" \/>\n<link rel=\"canonical\" href=\"https:\/\/togetherall.com\/fr-ca\/en-situation-de-crise\/\" \/>\n<meta property=\"og:locale\" content=\"fr_CA\" \/>\n<meta property=\"og:type\" content=\"article\" \/>\n<meta property=\"og:title\" content=\"En situation de crise? - Togetherall\" \/>\n<meta property=\"og:description\" content=\"Si vous \u00eates en crise ou avez besoin d&#039;un soutien imm\u00e9diat en sant\u00e9 mentale, vous trouverez des liens vers des services d&#039;urgence locaux et des ressources d&#039;aide en situation de crise ici.\" \/>\n<meta property=\"og:url\" content=\"https:\/\/togetherall.com\/fr-ca\/en-situation-de-crise\/\" \/>\n<meta property=\"og:site_name\" content=\"Togetherall\" \/>\n<meta property=\"article:modified_time\" content=\"2022-10-01T16:23:55+00:00\" \/>\n<meta name=\"twitter:card\" content=\"summary_large_image\" \/>\n<script type=\"application\/ld+json\" class=\"yoast-schema-graph\">{\"@context\":\"https:\\\/\\\/schema.org\",\"@graph\":[{\"@type\":\"WebPage\",\"@id\":\"https:\\\/\\\/togetherall.com\\\/fr-ca\\\/en-situation-de-crise\\\/\",\"url\":\"https:\\\/\\\/togetherall.com\\\/fr-ca\\\/en-situation-de-crise\\\/\",\"name\":\"En situation de crise? - Togetherall\",\"isPartOf\":{\"@id\":\"https:\\\/\\\/togetherall.com\\\/fr-ca\\\/#website\"},\"datePublished\":\"2021-07-02T09:43:19+00:00\",\"dateModified\":\"2022-10-01T16:23:55+00:00\",\"description\":\"Si vous \u00eates en crise ou avez besoin d'un soutien imm\u00e9diat en sant\u00e9 mentale, vous trouverez des liens vers des services d'urgence locaux et des ressources d'aide en situation de crise ici.\",\"breadcrumb\":{\"@id\":\"https:\\\/\\\/togetherall.com\\\/fr-ca\\\/en-situation-de-crise\\\/#breadcrumb\"},\"inLanguage\":\"fr-CA\",\"potentialAction\":[{\"@type\":\"ReadAction\",\"target\":[\"https:\\\/\\\/togetherall.com\\\/fr-ca\\\/en-situation-de-crise\\\/\"]}]},{\"@type\":\"BreadcrumbList\",\"@id\":\"https:\\\/\\\/togetherall.com\\\/fr-ca\\\/en-situation-de-crise\\\/#breadcrumb\",\"itemListElement\":[{\"@type\":\"ListItem\",\"position\":1,\"name\":\"Home\",\"item\":\"https:\\\/\\\/togetherall.com\\\/fr-ca\\\/\"},{\"@type\":\"ListItem\",\"position\":2,\"name\":\"En situation de crise?\"}]},{\"@type\":\"WebSite\",\"@id\":\"https:\\\/\\\/togetherall.com\\\/fr-ca\\\/#website\",\"url\":\"https:\\\/\\\/togetherall.com\\\/fr-ca\\\/\",\"name\":\"Togetherall\",\"description\":\"Une communaut\u00e9 de soutien\",\"potentialAction\":[{\"@type\":\"SearchAction\",\"target\":{\"@type\":\"EntryPoint\",\"urlTemplate\":\"https:\\\/\\\/togetherall.com\\\/fr-ca\\\/?s={search_term_string}\"},\"query-input\":{\"@type\":\"PropertyValueSpecification\",\"valueRequired\":true,\"valueName\":\"search_term_string\"}}],\"inLanguage\":\"fr-CA\"}]}<\/script>\n<!-- \/ Yoast SEO plugin. -->","yoast_head_json":{"title":"En situation de crise? - Togetherall","description":"Si vous \u00eates en crise ou avez besoin d'un soutien imm\u00e9diat en sant\u00e9 mentale, vous trouverez des liens vers des services d'urgence locaux et des ressources d'aide en situation de crise ici.","robots":{"index":"index","follow":"follow","max-snippet":"max-snippet:-1","max-image-preview":"max-image-preview:large","max-video-preview":"max-video-preview:-1"},"canonical":"https:\/\/togetherall.com\/fr-ca\/en-situation-de-crise\/","og_locale":"fr_CA","og_type":"article","og_title":"En situation de crise? - Togetherall","og_description":"Si vous \u00eates en crise ou avez besoin d'un soutien imm\u00e9diat en sant\u00e9 mentale, vous trouverez des liens vers des services d'urgence locaux et des ressources d'aide en situation de crise ici.","og_url":"https:\/\/togetherall.com\/fr-ca\/en-situation-de-crise\/","og_site_name":"Togetherall","article_modified_time":"2022-10-01T16:23:55+00:00","twitter_card":"summary_large_image","schema":{"@context":"https:\/\/schema.org","@graph":[{"@type":"WebPage","@id":"https:\/\/togetherall.com\/fr-ca\/en-situation-de-crise\/","url":"https:\/\/togetherall.com\/fr-ca\/en-situation-de-crise\/","name":"En situation de crise? - Togetherall","isPartOf":{"@id":"https:\/\/togetherall.com\/fr-ca\/#website"},"datePublished":"2021-07-02T09:43:19+00:00","dateModified":"2022-10-01T16:23:55+00:00","description":"Si vous \u00eates en crise ou avez besoin d'un soutien imm\u00e9diat en sant\u00e9 mentale, vous trouverez des liens vers des services d'urgence locaux et des ressources d'aide en situation de crise ici.","breadcrumb":{"@id":"https:\/\/togetherall.com\/fr-ca\/en-situation-de-crise\/#breadcrumb"},"inLanguage":"fr-CA","potentialAction":[{"@type":"ReadAction","target":["https:\/\/togetherall.com\/fr-ca\/en-situation-de-crise\/"]}]},{"@type":"BreadcrumbList","@id":"https:\/\/togetherall.com\/fr-ca\/en-situation-de-crise\/#breadcrumb","itemListElement":[{"@type":"ListItem","position":1,"name":"Home","item":"https:\/\/togetherall.com\/fr-ca\/"},{"@type":"ListItem","position":2,"name":"En situation de crise?"}]},{"@type":"WebSite","@id":"https:\/\/togetherall.com\/fr-ca\/#website","url":"https:\/\/togetherall.com\/fr-ca\/","name":"Togetherall","description":"Une communaut\u00e9 de soutien","potentialAction":[{"@type":"SearchAction","target":{"@type":"EntryPoint","urlTemplate":"https:\/\/togetherall.com\/fr-ca\/?s={search_term_string}"},"query-input":{"@type":"PropertyValueSpecification","valueRequired":true,"valueName":"search_term_string"}}],"inLanguage":"fr-CA"}]}},"_links":{"self":[{"href":"https:\/\/togetherall.com\/fr-ca\/wp-json\/wp\/v2\/pages\/17","targetHints":{"allow":["GET"]}}],"collection":[{"href":"https:\/\/togetherall.com\/fr-ca\/wp-json\/wp\/v2\/pages"}],"about":[{"href":"https:\/\/togetherall.com\/fr-ca\/wp-json\/wp\/v2\/types\/page"}],"author":[{"embeddable":true,"href":"https:\/\/togetherall.com\/fr-ca\/wp-json\/wp\/v2\/users\/10"}],"replies":[{"embeddable":true,"href":"https:\/\/togetherall.com\/fr-ca\/wp-json\/wp\/v2\/comments?post=17"}],"version-history":[{"count":20,"href":"https:\/\/togetherall.com\/fr-ca\/wp-json\/wp\/v2\/pages\/17\/revisions"}],"predecessor-version":[{"id":861,"href":"https:\/\/togetherall.com\/fr-ca\/wp-json\/wp\/v2\/pages\/17\/revisions\/861"}],"wp:attachment":[{"href":"https:\/\/togetherall.com\/fr-ca\/wp-json\/wp\/v2\/media?parent=17"}],"curies":[{"name":"wp","href":"https:\/\/api.w.org\/{rel}","templated":true}]}}