{"id":15,"date":"2021-07-02T09:42:45","date_gmt":"2021-07-02T09:42:45","guid":{"rendered":"https:\/\/togetherall.com\/fr-ca\/?page_id=15"},"modified":"2025-10-07T19:08:46","modified_gmt":"2025-10-07T19:08:46","slug":"faq","status":"publish","type":"page","link":"https:\/\/togetherall.com\/fr-ca\/faq\/","title":{"rendered":"FAQ"},"content":{"rendered":"","protected":false},"excerpt":{"rendered":"","protected":false},"author":10,"featured_media":0,"parent":0,"menu_order":0,"comment_status":"closed","ping_status":"closed","template":"","meta":{"_acf_changed":false,"inline_featured_image":false,"footnotes":""},"class_list":["post-15","page","type-page","status-publish","hentry"],"acf":[],"yoast_head":"<!-- This site is optimized with the Yoast SEO plugin v27.5 - https:\/\/yoast.com\/product\/yoast-seo-wordpress\/ -->\n<title>FAQ - Togetherall<\/title>\n<meta name=\"description\" content=\"Si vous avez des questions sur la fa\u00e7on de devenir un membre de Togetherall, sur la s\u00e9curit\u00e9 ou sur le d\u00e9pannage en cas de probl\u00e8mes techniques, vous trouverez les r\u00e9ponses dans notre FAQ.\" \/>\n<meta name=\"robots\" content=\"index, follow, max-snippet:-1, max-image-preview:large, max-video-preview:-1\" \/>\n<link rel=\"canonical\" href=\"https:\/\/togetherall.com\/fr-ca\/faq\/\" \/>\n<meta property=\"og:locale\" content=\"fr_CA\" \/>\n<meta property=\"og:type\" content=\"article\" \/>\n<meta property=\"og:title\" content=\"FAQ - Togetherall\" \/>\n<meta property=\"og:description\" content=\"Si vous avez des questions sur la fa\u00e7on de devenir un membre de Togetherall, sur la s\u00e9curit\u00e9 ou sur le d\u00e9pannage en cas de probl\u00e8mes techniques, vous trouverez les r\u00e9ponses dans notre FAQ.\" \/>\n<meta property=\"og:url\" content=\"https:\/\/togetherall.com\/fr-ca\/faq\/\" \/>\n<meta property=\"og:site_name\" content=\"Togetherall\" \/>\n<meta property=\"article:modified_time\" content=\"2025-10-07T19:08:46+00:00\" \/>\n<meta name=\"twitter:card\" content=\"summary_large_image\" \/>\n<script type=\"application\/ld+json\" class=\"yoast-schema-graph\">{\"@context\":\"https:\\\/\\\/schema.org\",\"@graph\":[{\"@type\":\"WebPage\",\"@id\":\"https:\\\/\\\/togetherall.com\\\/fr-ca\\\/faq\\\/\",\"url\":\"https:\\\/\\\/togetherall.com\\\/fr-ca\\\/faq\\\/\",\"name\":\"FAQ - Togetherall\",\"isPartOf\":{\"@id\":\"https:\\\/\\\/togetherall.com\\\/fr-ca\\\/#website\"},\"datePublished\":\"2021-07-02T09:42:45+00:00\",\"dateModified\":\"2025-10-07T19:08:46+00:00\",\"description\":\"Si vous avez des questions sur la fa\u00e7on de devenir un membre de Togetherall, sur la s\u00e9curit\u00e9 ou sur le d\u00e9pannage en cas de probl\u00e8mes techniques, vous trouverez les r\u00e9ponses dans notre FAQ.\",\"breadcrumb\":{\"@id\":\"https:\\\/\\\/togetherall.com\\\/fr-ca\\\/faq\\\/#breadcrumb\"},\"inLanguage\":\"fr-CA\",\"potentialAction\":[{\"@type\":\"ReadAction\",\"target\":[\"https:\\\/\\\/togetherall.com\\\/fr-ca\\\/faq\\\/\"]}]},{\"@type\":\"BreadcrumbList\",\"@id\":\"https:\\\/\\\/togetherall.com\\\/fr-ca\\\/faq\\\/#breadcrumb\",\"itemListElement\":[{\"@type\":\"ListItem\",\"position\":1,\"name\":\"Home\",\"item\":\"https:\\\/\\\/togetherall.com\\\/fr-ca\\\/\"},{\"@type\":\"ListItem\",\"position\":2,\"name\":\"FAQ\"}]},{\"@type\":\"WebSite\",\"@id\":\"https:\\\/\\\/togetherall.com\\\/fr-ca\\\/#website\",\"url\":\"https:\\\/\\\/togetherall.com\\\/fr-ca\\\/\",\"name\":\"Togetherall\",\"description\":\"Une communaut\u00e9 de soutien\",\"potentialAction\":[{\"@type\":\"SearchAction\",\"target\":{\"@type\":\"EntryPoint\",\"urlTemplate\":\"https:\\\/\\\/togetherall.com\\\/fr-ca\\\/?s={search_term_string}\"},\"query-input\":{\"@type\":\"PropertyValueSpecification\",\"valueRequired\":true,\"valueName\":\"search_term_string\"}}],\"inLanguage\":\"fr-CA\"}]}<\/script>\n<!-- \/ Yoast SEO plugin. -->","yoast_head_json":{"title":"FAQ - Togetherall","description":"Si vous avez des questions sur la fa\u00e7on de devenir un membre de Togetherall, sur la s\u00e9curit\u00e9 ou sur le d\u00e9pannage en cas de probl\u00e8mes techniques, vous trouverez les r\u00e9ponses dans notre FAQ.","robots":{"index":"index","follow":"follow","max-snippet":"max-snippet:-1","max-image-preview":"max-image-preview:large","max-video-preview":"max-video-preview:-1"},"canonical":"https:\/\/togetherall.com\/fr-ca\/faq\/","og_locale":"fr_CA","og_type":"article","og_title":"FAQ - Togetherall","og_description":"Si vous avez des questions sur la fa\u00e7on de devenir un membre de Togetherall, sur la s\u00e9curit\u00e9 ou sur le d\u00e9pannage en cas de probl\u00e8mes techniques, vous trouverez les r\u00e9ponses dans notre FAQ.","og_url":"https:\/\/togetherall.com\/fr-ca\/faq\/","og_site_name":"Togetherall","article_modified_time":"2025-10-07T19:08:46+00:00","twitter_card":"summary_large_image","schema":{"@context":"https:\/\/schema.org","@graph":[{"@type":"WebPage","@id":"https:\/\/togetherall.com\/fr-ca\/faq\/","url":"https:\/\/togetherall.com\/fr-ca\/faq\/","name":"FAQ - Togetherall","isPartOf":{"@id":"https:\/\/togetherall.com\/fr-ca\/#website"},"datePublished":"2021-07-02T09:42:45+00:00","dateModified":"2025-10-07T19:08:46+00:00","description":"Si vous avez des questions sur la fa\u00e7on de devenir un membre de Togetherall, sur la s\u00e9curit\u00e9 ou sur le d\u00e9pannage en cas de probl\u00e8mes techniques, vous trouverez les r\u00e9ponses dans notre FAQ.","breadcrumb":{"@id":"https:\/\/togetherall.com\/fr-ca\/faq\/#breadcrumb"},"inLanguage":"fr-CA","potentialAction":[{"@type":"ReadAction","target":["https:\/\/togetherall.com\/fr-ca\/faq\/"]}]},{"@type":"BreadcrumbList","@id":"https:\/\/togetherall.com\/fr-ca\/faq\/#breadcrumb","itemListElement":[{"@type":"ListItem","position":1,"name":"Home","item":"https:\/\/togetherall.com\/fr-ca\/"},{"@type":"ListItem","position":2,"name":"FAQ"}]},{"@type":"WebSite","@id":"https:\/\/togetherall.com\/fr-ca\/#website","url":"https:\/\/togetherall.com\/fr-ca\/","name":"Togetherall","description":"Une communaut\u00e9 de soutien","potentialAction":[{"@type":"SearchAction","target":{"@type":"EntryPoint","urlTemplate":"https:\/\/togetherall.com\/fr-ca\/?s={search_term_string}"},"query-input":{"@type":"PropertyValueSpecification","valueRequired":true,"valueName":"search_term_string"}}],"inLanguage":"fr-CA"}]}},"_links":{"self":[{"href":"https:\/\/togetherall.com\/fr-ca\/wp-json\/wp\/v2\/pages\/15","targetHints":{"allow":["GET"]}}],"collection":[{"href":"https:\/\/togetherall.com\/fr-ca\/wp-json\/wp\/v2\/pages"}],"about":[{"href":"https:\/\/togetherall.com\/fr-ca\/wp-json\/wp\/v2\/types\/page"}],"author":[{"embeddable":true,"href":"https:\/\/togetherall.com\/fr-ca\/wp-json\/wp\/v2\/users\/10"}],"replies":[{"embeddable":true,"href":"https:\/\/togetherall.com\/fr-ca\/wp-json\/wp\/v2\/comments?post=15"}],"version-history":[{"count":20,"href":"https:\/\/togetherall.com\/fr-ca\/wp-json\/wp\/v2\/pages\/15\/revisions"}],"predecessor-version":[{"id":1358,"href":"https:\/\/togetherall.com\/fr-ca\/wp-json\/wp\/v2\/pages\/15\/revisions\/1358"}],"wp:attachment":[{"href":"https:\/\/togetherall.com\/fr-ca\/wp-json\/wp\/v2\/media?parent=15"}],"curies":[{"name":"wp","href":"https:\/\/api.w.org\/{rel}","templated":true}]}}