{"id":11,"date":"2021-07-02T09:42:21","date_gmt":"2021-07-02T09:42:21","guid":{"rendered":"https:\/\/togetherall.com\/fr-ca\/?page_id=11"},"modified":"2023-09-06T14:40:09","modified_gmt":"2023-09-06T14:40:09","slug":"nous-joindre","status":"publish","type":"page","link":"https:\/\/togetherall.com\/fr-ca\/nous-joindre\/","title":{"rendered":"Nous joindre"},"content":{"rendered":"","protected":false},"excerpt":{"rendered":"","protected":false},"author":10,"featured_media":0,"parent":0,"menu_order":0,"comment_status":"closed","ping_status":"closed","template":"","meta":{"_acf_changed":false,"inline_featured_image":false,"footnotes":""},"class_list":["post-11","page","type-page","status-publish","hentry"],"acf":[],"yoast_head":"<!-- This site is optimized with the Yoast SEO plugin v27.5 - https:\/\/yoast.com\/product\/yoast-seo-wordpress\/ -->\n<title>Nous joindre - Togetherall<\/title>\n<meta name=\"description\" content=\"Contactez Togetherall si vous avez des questions au sujet de l&#039;adh\u00e9sion, des m\u00e9dias, des recommandations ou des partenariats en s\u00e9lectionnant l&#039;un de nos sujets.\" \/>\n<meta name=\"robots\" content=\"index, follow, max-snippet:-1, max-image-preview:large, max-video-preview:-1\" \/>\n<link rel=\"canonical\" href=\"https:\/\/togetherall.com\/fr-ca\/nous-joindre\/\" \/>\n<meta property=\"og:locale\" content=\"fr_CA\" \/>\n<meta property=\"og:type\" content=\"article\" \/>\n<meta property=\"og:title\" content=\"Nous joindre - Togetherall\" \/>\n<meta property=\"og:description\" content=\"Contactez Togetherall si vous avez des questions au sujet de l&#039;adh\u00e9sion, des m\u00e9dias, des recommandations ou des partenariats en s\u00e9lectionnant l&#039;un de nos sujets.\" \/>\n<meta property=\"og:url\" content=\"https:\/\/togetherall.com\/fr-ca\/nous-joindre\/\" \/>\n<meta property=\"og:site_name\" content=\"Togetherall\" \/>\n<meta property=\"article:modified_time\" content=\"2023-09-06T14:40:09+00:00\" \/>\n<meta name=\"twitter:card\" content=\"summary_large_image\" \/>\n<script type=\"application\/ld+json\" class=\"yoast-schema-graph\">{\"@context\":\"https:\\\/\\\/schema.org\",\"@graph\":[{\"@type\":\"WebPage\",\"@id\":\"https:\\\/\\\/togetherall.com\\\/fr-ca\\\/nous-joindre\\\/\",\"url\":\"https:\\\/\\\/togetherall.com\\\/fr-ca\\\/nous-joindre\\\/\",\"name\":\"Nous joindre - Togetherall\",\"isPartOf\":{\"@id\":\"https:\\\/\\\/togetherall.com\\\/fr-ca\\\/#website\"},\"datePublished\":\"2021-07-02T09:42:21+00:00\",\"dateModified\":\"2023-09-06T14:40:09+00:00\",\"description\":\"Contactez Togetherall si vous avez des questions au sujet de l'adh\u00e9sion, des m\u00e9dias, des recommandations ou des partenariats en s\u00e9lectionnant l'un de nos sujets.\",\"breadcrumb\":{\"@id\":\"https:\\\/\\\/togetherall.com\\\/fr-ca\\\/nous-joindre\\\/#breadcrumb\"},\"inLanguage\":\"fr-CA\",\"potentialAction\":[{\"@type\":\"ReadAction\",\"target\":[\"https:\\\/\\\/togetherall.com\\\/fr-ca\\\/nous-joindre\\\/\"]}]},{\"@type\":\"BreadcrumbList\",\"@id\":\"https:\\\/\\\/togetherall.com\\\/fr-ca\\\/nous-joindre\\\/#breadcrumb\",\"itemListElement\":[{\"@type\":\"ListItem\",\"position\":1,\"name\":\"Home\",\"item\":\"https:\\\/\\\/togetherall.com\\\/fr-ca\\\/\"},{\"@type\":\"ListItem\",\"position\":2,\"name\":\"Nous joindre\"}]},{\"@type\":\"WebSite\",\"@id\":\"https:\\\/\\\/togetherall.com\\\/fr-ca\\\/#website\",\"url\":\"https:\\\/\\\/togetherall.com\\\/fr-ca\\\/\",\"name\":\"Togetherall\",\"description\":\"Une communaut\u00e9 de soutien\",\"potentialAction\":[{\"@type\":\"SearchAction\",\"target\":{\"@type\":\"EntryPoint\",\"urlTemplate\":\"https:\\\/\\\/togetherall.com\\\/fr-ca\\\/?s={search_term_string}\"},\"query-input\":{\"@type\":\"PropertyValueSpecification\",\"valueRequired\":true,\"valueName\":\"search_term_string\"}}],\"inLanguage\":\"fr-CA\"}]}<\/script>\n<!-- \/ Yoast SEO plugin. -->","yoast_head_json":{"title":"Nous joindre - Togetherall","description":"Contactez Togetherall si vous avez des questions au sujet de l'adh\u00e9sion, des m\u00e9dias, des recommandations ou des partenariats en s\u00e9lectionnant l'un de nos sujets.","robots":{"index":"index","follow":"follow","max-snippet":"max-snippet:-1","max-image-preview":"max-image-preview:large","max-video-preview":"max-video-preview:-1"},"canonical":"https:\/\/togetherall.com\/fr-ca\/nous-joindre\/","og_locale":"fr_CA","og_type":"article","og_title":"Nous joindre - Togetherall","og_description":"Contactez Togetherall si vous avez des questions au sujet de l'adh\u00e9sion, des m\u00e9dias, des recommandations ou des partenariats en s\u00e9lectionnant l'un de nos sujets.","og_url":"https:\/\/togetherall.com\/fr-ca\/nous-joindre\/","og_site_name":"Togetherall","article_modified_time":"2023-09-06T14:40:09+00:00","twitter_card":"summary_large_image","schema":{"@context":"https:\/\/schema.org","@graph":[{"@type":"WebPage","@id":"https:\/\/togetherall.com\/fr-ca\/nous-joindre\/","url":"https:\/\/togetherall.com\/fr-ca\/nous-joindre\/","name":"Nous joindre - Togetherall","isPartOf":{"@id":"https:\/\/togetherall.com\/fr-ca\/#website"},"datePublished":"2021-07-02T09:42:21+00:00","dateModified":"2023-09-06T14:40:09+00:00","description":"Contactez Togetherall si vous avez des questions au sujet de l'adh\u00e9sion, des m\u00e9dias, des recommandations ou des partenariats en s\u00e9lectionnant l'un de nos sujets.","breadcrumb":{"@id":"https:\/\/togetherall.com\/fr-ca\/nous-joindre\/#breadcrumb"},"inLanguage":"fr-CA","potentialAction":[{"@type":"ReadAction","target":["https:\/\/togetherall.com\/fr-ca\/nous-joindre\/"]}]},{"@type":"BreadcrumbList","@id":"https:\/\/togetherall.com\/fr-ca\/nous-joindre\/#breadcrumb","itemListElement":[{"@type":"ListItem","position":1,"name":"Home","item":"https:\/\/togetherall.com\/fr-ca\/"},{"@type":"ListItem","position":2,"name":"Nous joindre"}]},{"@type":"WebSite","@id":"https:\/\/togetherall.com\/fr-ca\/#website","url":"https:\/\/togetherall.com\/fr-ca\/","name":"Togetherall","description":"Une communaut\u00e9 de soutien","potentialAction":[{"@type":"SearchAction","target":{"@type":"EntryPoint","urlTemplate":"https:\/\/togetherall.com\/fr-ca\/?s={search_term_string}"},"query-input":{"@type":"PropertyValueSpecification","valueRequired":true,"valueName":"search_term_string"}}],"inLanguage":"fr-CA"}]}},"_links":{"self":[{"href":"https:\/\/togetherall.com\/fr-ca\/wp-json\/wp\/v2\/pages\/11","targetHints":{"allow":["GET"]}}],"collection":[{"href":"https:\/\/togetherall.com\/fr-ca\/wp-json\/wp\/v2\/pages"}],"about":[{"href":"https:\/\/togetherall.com\/fr-ca\/wp-json\/wp\/v2\/types\/page"}],"author":[{"embeddable":true,"href":"https:\/\/togetherall.com\/fr-ca\/wp-json\/wp\/v2\/users\/10"}],"replies":[{"embeddable":true,"href":"https:\/\/togetherall.com\/fr-ca\/wp-json\/wp\/v2\/comments?post=11"}],"version-history":[{"count":17,"href":"https:\/\/togetherall.com\/fr-ca\/wp-json\/wp\/v2\/pages\/11\/revisions"}],"predecessor-version":[{"id":1284,"href":"https:\/\/togetherall.com\/fr-ca\/wp-json\/wp\/v2\/pages\/11\/revisions\/1284"}],"wp:attachment":[{"href":"https:\/\/togetherall.com\/fr-ca\/wp-json\/wp\/v2\/media?parent=11"}],"curies":[{"name":"wp","href":"https:\/\/api.w.org\/{rel}","templated":true}]}}